{"id":675,"date":"2021-01-07T14:23:16","date_gmt":"2021-01-07T14:23:16","guid":{"rendered":"http:\/\/s361629370.online.de\/?page_id=675"},"modified":"2024-10-17T11:59:01","modified_gmt":"2024-10-17T11:59:01","slug":"preise","status":"publish","type":"page","link":"https:\/\/ferienhausmoser.at\/?page_id=675","title":{"rendered":"Preise"},"content":{"rendered":"\n<p><strong>Unser Ferienhaus ist ganzj\u00e4hrig buchbar<\/strong><\/p>\n\n\n\n<p>Juli und August vermieten wir nur von Samstag bis Samstag, sonst k\u00f6nnen Sie Ihren individuellen An- und Abreistag w\u00e4hlen.<\/p>\n\n\n\n<p>Juni, Juli, August, Silvester &#8211; 2 Personen &#8211; \u20ac 80,00 \/ Nacht<\/p>\n\n\n\n<p>Restliche Zeit ganzj\u00e4hrig &#8211; 2 Personen \u2013 \u20ac 70,00 \/ Nacht<\/p>\n\n\n\n<p>Kinder (0-3 Jahre) gratis!<\/p>\n\n\n\n<p>Kinder (4-15 Jahre) \u2013 \u20ac 15,00 \/ Nacht<\/p>\n\n\n\n<p>jede weitere Person \u2013 \u20ac 20,00 \/ Nacht<\/p>\n\n\n\n<p>Haustiere beherbergen wir gratis, nur eine Reinigungsbeb\u00fchr von \u20ac 10,00 pro Hund kommt einmalig dazu.<\/p>\n\n\n\n<p><strong>Endreinigung<\/strong>\u00a0\u2013 \u20ac 60,00 pro Aufenthalt einmalig.<\/p>\n\n\n\n<p><strong>N\u00e4chtigungstaxe<\/strong>&nbsp;von \u20ac 2,50 pro Erwachsene und Tag wird in unsere Miete mit einberechnet und dem Land N\u00d6 abgef\u00fchrt.<\/p>\n\n\n\n<p>Sie k\u00f6nnen bei uns ein <strong>W\u00e4scheset<\/strong> gegen eine einmalige Leihgeb\u00fchr von \u20ac 15,00 bestellen.<\/p>\n\n\n\n<p>Ein W\u00e4scheset f\u00fcr eine Person beinhaltet 1x Bettbezug, 1x Kissenbezug, 1x Bettlaken, 1x Handtuch, 1x Badetuch. <\/p>\n\n\n\n<p>Alternativ ist es nat\u00fcrlich m\u00f6glich, diese W\u00e4sche selbst mitzubringen.<\/p>\n\n\n\n<p>K\u00fcchent\u00fccher werden von uns gratis zur Verf\u00fcgung gestellt!<\/p>\n\n\n\n<p><strong>Gerne erstellen wir Ihnen f\u00fcr Sie das passende Angebot!<\/strong><\/p>\n\n\n\n<p>Fragen Sie bitte an unter&nbsp;<a href=\"mailto:office@ferienhausmoser.at\">office@ferienhausmoser.at<\/a>, wir haben auch immer wieder  g\u00fcnstige Buchungsl\u00fccken!<\/p>\n","protected":false},"excerpt":{"rendered":"<p>Unser Ferienhaus ist ganzj\u00e4hrig buchbar Juli und August vermieten wir nur von Samstag bis Samstag, sonst k\u00f6nnen Sie Ihren individuellen An- und Abreistag w\u00e4hlen. Juni, Juli, August, Silvester &#8211; 2 Personen &#8211; \u20ac 80,00 \/ Nacht Restliche Zeit ganzj\u00e4hrig &#8211; 2 Personen \u2013 \u20ac 70,00 \/ Nacht Kinder (0-3 Jahre) gratis! Kinder (4-15 Jahre) \u2013 &hellip; <a href=\"https:\/\/ferienhausmoser.at\/?page_id=675\" class=\"more-link\"><span class=\"screen-reader-text\">Preise<\/span> weiterlesen<\/a><\/p>\n","protected":false},"author":2,"featured_media":0,"parent":0,"menu_order":0,"comment_status":"closed","ping_status":"closed","template":"","meta":{"footnotes":""},"class_list":["post-675","page","type-page","status-publish","hentry"],"_links":{"self":[{"href":"https:\/\/ferienhausmoser.at\/index.php?rest_route=\/wp\/v2\/pages\/675","targetHints":{"allow":["GET"]}}],"collection":[{"href":"https:\/\/ferienhausmoser.at\/index.php?rest_route=\/wp\/v2\/pages"}],"about":[{"href":"https:\/\/ferienhausmoser.at\/index.php?rest_route=\/wp\/v2\/types\/page"}],"author":[{"embeddable":true,"href":"https:\/\/ferienhausmoser.at\/index.php?rest_route=\/wp\/v2\/users\/2"}],"replies":[{"embeddable":true,"href":"https:\/\/ferienhausmoser.at\/index.php?rest_route=%2Fwp%2Fv2%2Fcomments&post=675"}],"version-history":[{"count":6,"href":"https:\/\/ferienhausmoser.at\/index.php?rest_route=\/wp\/v2\/pages\/675\/revisions"}],"predecessor-version":[{"id":748,"href":"https:\/\/ferienhausmoser.at\/index.php?rest_route=\/wp\/v2\/pages\/675\/revisions\/748"}],"wp:attachment":[{"href":"https:\/\/ferienhausmoser.at\/index.php?rest_route=%2Fwp%2Fv2%2Fmedia&parent=675"}],"curies":[{"name":"wp","href":"https:\/\/api.w.org\/{rel}","templated":true}]}}