{"id":677,"date":"2021-01-07T14:24:54","date_gmt":"2021-01-07T14:24:54","guid":{"rendered":"http:\/\/s361629370.online.de\/?page_id=677"},"modified":"2021-01-07T14:36:11","modified_gmt":"2021-01-07T14:36:11","slug":"herzlich-willkommen-im-ferienhaus-moser","status":"publish","type":"page","link":"https:\/\/ferienhausmoser.at\/","title":{"rendered":"Herzlich willkommen im Ferienhaus Moser!"},"content":{"rendered":"\n<figure class=\"wp-block-image is-style-rounded\" id=\"attachment_93\"><img loading=\"lazy\" decoding=\"async\" width=\"640\" height=\"428\" src=\"http:\/\/s361629370.online.de\/wp-content\/uploads\/2017\/08\/house-2.jpg\" alt=\"\" class=\"wp-image-93\" srcset=\"https:\/\/ferienhausmoser.at\/wp-content\/uploads\/2017\/08\/house-2.jpg 640w, https:\/\/ferienhausmoser.at\/wp-content\/uploads\/2017\/08\/house-2-300x201.jpg 300w\" sizes=\"auto, (max-width: 640px) 100vw, 640px\" \/><\/figure>\n\n\n\n<p>Das Ferienhaus ist f\u00fcr die ganze Familie geeignet und bietet Platz f\u00fcr 6 Personen und einem Baby. Der eingez\u00e4unte Garten f\u00fcr die G\u00e4ste grenzt direkt an das Mufflongehege vom Wildpark. Bei uns k\u00f6nnen Sie einen herrlich entspannenden Urlaub verbringen, da unser Haus in einsamer Lage steht und es dort sehr ruhig ist. Wir Vermieter wohnen im Obergescho\u00df, da der gesamte Garten f\u00fcr unsere Ferieng\u00e4ste reserviert ist.<\/p>\n\n\n\n<p>Selbstverst\u00e4ndlich gibt es im Haus und Garten<strong>&nbsp;gratis W-LAN<\/strong><\/p>\n\n\n\n<p>Auch ein&nbsp;<strong><em>eigener Eingang<\/em><\/strong>&nbsp;und ein&nbsp;<strong><em>Parkplatz vor der T\u00fcr<\/em><\/strong>&nbsp;sind vorhanden.<\/p>\n\n\n\n<p><strong>Zimmeraufteilung:<\/strong><\/p>\n\n\n\n<p>Wir haben<strong>&nbsp;3 Schlafzimmer<\/strong>, 1 gro\u00dfes Zimmer mit Doppelbett und Babybett, 1 etwas kleineres mit einem Bett 140\u00d7200 und ein Zimmer mit Etagenbett.<\/p>\n\n\n\n<p><strong>1 Wohnzimmer<\/strong>&nbsp;mit Sat-TV, einer gro\u00dfen Couch und CD Player mit CD\u2019s und B\u00fcchern.<\/p>\n\n\n\n<p><strong>1 K\u00fcche<\/strong>&nbsp;mit Sitzgelegenheit, Backofen, K\u00fchlschrank mit Gefrierfach, Ceran Kochfeld, Geschirrsp\u00fcler, Mikrowelle, Toaster, Plattengrill, Kaffeemaschine und Wasserkocher.<\/p>\n\n\n\n<p><strong>1 Badezimmer<\/strong>&nbsp;mit Dusche und Waschmaschine.<\/p>\n\n\n\n<p><strong>1 WC<\/strong>&nbsp;extra.<\/p>\n\n\n\n<p><strong>Heizung:<\/strong>&nbsp;Unser Ferienhaus wird mit einer Zentralheizung geheizt, auch im Fr\u00fchling oder Herbst bei Schlechtwetter kann man diese benutzen. Sie ist ganzj\u00e4hrig verf\u00fcgbar!<\/p>\n\n\n\n<p><strong>Terrasse:<\/strong>&nbsp;Die Terrasse ist 24 m\u00b0 gro\u00df und vollst\u00e4ndig \u00fcberdacht. Weiters ist genug Sitzgelegenheit vorhanden und sie ist nur auf einer langen Seite zum Garten hin offen, dadurch ist sie sehr windgesch\u00fctzt. Zur Ausstattung der Terrasse geh\u00f6rt auch ein Tischtennistisch mit Schl\u00e4gern und B\u00e4llen. F\u00fcr die Kleinen ist auch ein Rutschauto und etwas Spielzeug f\u00fcr drau\u00dfen vorhanden.<\/p>\n\n\n\n<p><strong>Garten:<\/strong>&nbsp;Der Garten ist rundum eingez\u00e4unt, damit Ihre Kinder oder auch Hunde ungest\u00f6rt toben k\u00f6nnen. Eine Schaukel, eine Rutsche und ein kleiner Sandkasten mit Sandspielzeug ist auch vorhanden. Weiters befindet sich ein Grillplatz mit Sitzgelegenheit im Garten. Wenn Sie mit Ihren Hunden \u201eAgility\u201c \u00fcben wollen, die St\u00f6cke daf\u00fcr stellen wir Ihnen gerne zur Verf\u00fcgung!<\/p>\n","protected":false},"excerpt":{"rendered":"<p>Das Ferienhaus ist f\u00fcr die ganze Familie geeignet und bietet Platz f\u00fcr 6 Personen und einem Baby. Der eingez\u00e4unte Garten f\u00fcr die G\u00e4ste grenzt direkt an das Mufflongehege vom Wildpark. Bei uns k\u00f6nnen Sie einen herrlich entspannenden Urlaub verbringen, da unser Haus in einsamer Lage steht und es dort sehr ruhig ist. Wir Vermieter wohnen &hellip; <a href=\"https:\/\/ferienhausmoser.at\/\" class=\"more-link\"><span class=\"screen-reader-text\">Herzlich willkommen im Ferienhaus Moser!<\/span> weiterlesen<\/a><\/p>\n","protected":false},"author":2,"featured_media":0,"parent":0,"menu_order":0,"comment_status":"closed","ping_status":"closed","template":"","meta":{"footnotes":""},"class_list":["post-677","page","type-page","status-publish","hentry"],"_links":{"self":[{"href":"https:\/\/ferienhausmoser.at\/index.php?rest_route=\/wp\/v2\/pages\/677","targetHints":{"allow":["GET"]}}],"collection":[{"href":"https:\/\/ferienhausmoser.at\/index.php?rest_route=\/wp\/v2\/pages"}],"about":[{"href":"https:\/\/ferienhausmoser.at\/index.php?rest_route=\/wp\/v2\/types\/page"}],"author":[{"embeddable":true,"href":"https:\/\/ferienhausmoser.at\/index.php?rest_route=\/wp\/v2\/users\/2"}],"replies":[{"embeddable":true,"href":"https:\/\/ferienhausmoser.at\/index.php?rest_route=%2Fwp%2Fv2%2Fcomments&post=677"}],"version-history":[{"count":2,"href":"https:\/\/ferienhausmoser.at\/index.php?rest_route=\/wp\/v2\/pages\/677\/revisions"}],"predecessor-version":[{"id":685,"href":"https:\/\/ferienhausmoser.at\/index.php?rest_route=\/wp\/v2\/pages\/677\/revisions\/685"}],"wp:attachment":[{"href":"https:\/\/ferienhausmoser.at\/index.php?rest_route=%2Fwp%2Fv2%2Fmedia&parent=677"}],"curies":[{"name":"wp","href":"https:\/\/api.w.org\/{rel}","templated":true}]}}